{"id":574,"date":"2025-12-31T20:07:21","date_gmt":"2025-12-31T19:07:21","guid":{"rendered":"https:\/\/reha-oezkarakas.ch\/?page_id=574"},"modified":"2026-03-11T16:22:44","modified_gmt":"2026-03-11T15:22:44","slug":"wahlen-2026","status":"publish","type":"page","link":"https:\/\/reha-oezkarakas.ch\/?page_id=574","title":{"rendered":"Wahlen 2026"},"content":{"rendered":"<p>[et_pb_section fb_built=&#8220;1&#8243; admin_label=&#8220;About&#8220; _builder_version=&#8220;4.16&#8243; global_colors_info=&#8220;{}&#8220;][et_pb_row _builder_version=&#8220;4.19.4&#8243; _module_preset=&#8220;default&#8220; animation_style=&#8220;fade&#8220; animation_duration=&#8220;1150ms&#8220; global_colors_info=&#8220;{}&#8220;][et_pb_column type=&#8220;4_4&#8243; _builder_version=&#8220;4.19.4&#8243; _module_preset=&#8220;default&#8220; global_colors_info=&#8220;{}&#8220;][et_pb_image src=&#8220;https:\/\/reha-oezkarakas.ch\/wp-content\/uploads\/2026\/03\/Wiederwahl_ed.jpg&#8220; title_text=&#8220;Wiederwahl_ed&#8220; show_in_lightbox=&#8220;on&#8220; _builder_version=&#8220;4.27.5&#8243; _module_preset=&#8220;default&#8220; animation_style=&#8220;fold&#8220; hover_transition_duration=&#8220;400ms&#8220; hover_enabled=&#8220;0&#8243; global_colors_info=&#8220;{}&#8220; sticky_enabled=&#8220;0&#8243;][\/et_pb_image][\/et_pb_column][\/et_pb_row][\/et_pb_section][et_pb_section fb_built=&#8220;1&#8243; bg_img_1=&#8220;https:\/\/reha-oezkarakas.ch\/wp-content\/uploads\/2022\/10\/political-candidate-25.png&#8220; background_size_1=&#8220;initial&#8220; background_repeat_1=&#8220;no-repeat&#8220; background_position_1=&#8220;top_right&#8220; admin_label=&#8220;Header&#8220; _builder_version=&#8220;4.19.4&#8243; custom_margin=&#8220;||0px|&#8220; custom_padding=&#8220;0px||0px||true&#8220; animation_style=&#8220;slide&#8220; animation_duration=&#8220;1500ms&#8220; global_colors_info=&#8220;{}&#8220;][et_pb_row column_structure=&#8220;1_2,1_2&#8243; padding_top_bottom_link_2=&#8220;false&#8220; padding_left_right_link_2=&#8220;false&#8220; _builder_version=&#8220;4.23&#8243; width=&#8220;100%&#8220; max_width=&#8220;100%&#8220; min_height=&#8220;841.1px&#8220; custom_padding=&#8220;0px||0px||true|&#8220; use_custom_width=&#8220;on&#8220; width_unit=&#8220;off&#8220; custom_width_percent=&#8220;100%&#8220; global_colors_info=&#8220;{}&#8220;][et_pb_column type=&#8220;1_2&#8243; _builder_version=&#8220;4.18.0&#8243; background_enable_image=&#8220;off&#8220; custom_padding=&#8220;|||&#8220; global_colors_info=&#8220;{}&#8220; custom_padding__hover=&#8220;|||&#8220;][\/et_pb_column][et_pb_column type=&#8220;1_2&#8243; _builder_version=&#8220;4.16&#8243; custom_padding=&#8220;6vw|10%|12vw|&#8220; custom_padding_tablet=&#8220;|10%||10%||true&#8220; custom_padding_phone=&#8220;|||&#8220; custom_padding_last_edited=&#8220;on|tablet&#8220; global_colors_info=&#8220;{}&#8220; padding_phone=&#8220;|||&#8220; padding_tablet=&#8220;|10%||10%||true&#8220; padding_last_edited=&#8220;on|tablet&#8220; custom_padding__hover=&#8220;|||&#8220;][et_pb_text _builder_version=&#8220;4.23.4&#8243; text_font=&#8220;||||||||&#8220; text_font_size=&#8220;16px&#8220; text_line_height=&#8220;2em&#8220; header_font=&#8220;Ubuntu|700|||||||&#8220; header_font_size=&#8220;60px&#8220; header_line_height=&#8220;1.4em&#8220; header_3_font=&#8220;Ubuntu||||||||&#8220; header_3_text_color=&#8220;#bb7860&#8243; header_3_line_height=&#8220;1.8em&#8220; max_width=&#8220;960px&#8220; min_height=&#8220;602.6px&#8220; custom_margin=&#8220;-75px|-183px|101px|-523px||&#8220; custom_padding=&#8220;0px|0px|12px|3px||&#8220; hover_transition_duration=&#8220;0ms&#8220; text_font_size_tablet=&#8220;&#8220; text_font_size_phone=&#8220;14px&#8220; text_font_size_last_edited=&#8220;on|desktop&#8220; header_font_size_tablet=&#8220;&#8220; header_font_size_phone=&#8220;32px&#8220; header_font_size_last_edited=&#8220;on|desktop&#8220; global_colors_info=&#8220;{}&#8220;]<\/p>\n<h1>Lasst uns Sorge tragen zu unserer Schule<\/h1>\n<h3>Reha \u00d6zkarakas wieder in die Schulbeh\u00f6rde<\/h3>\n<p>&nbsp;<\/p>\n<div dir=\"auto\">\n<p>In einer Welt, die sich rasant digitalisiert, ist es entscheidend, dass unsere Kinder bereits in der Schule die n\u00f6tigen Kompetenzen f\u00fcr den verantwortungsvollen und kreativen Umgang mit digitalen Medien erlernen. In meiner bisherigen Amtszeit habe ich mich mit Nachdruck f\u00fcr den Ausbau der ICT-Kompetenzen (Informations- und Kommunikationstechnologie) auf allen Schulstufen eingesetzt.<\/p>\n<p>Ein wichtiger Meilenstein war die Einf\u00fchrung der Stelle Leitung Fachstelle ICT. Damit konnte die Stabilit\u00e4t und Qualit\u00e4t der ICT nachhaltig gesichert und zugleich dem wachsenden Bedarf an Digitalisierung Rechnung getragen werden. Die geplante Organisationsentwicklung ab 2026 \u2013 mit der Rolle des ICT-Systemverantwortlichen sowie der Koordination Digitale Bildung \u2013 erm\u00f6glicht es, p\u00e4dagogischen und technischen Support gezielt zu b\u00fcndeln und effizient an allen Schulstandorten bereitzustellen. Das ICT-Team leistet damit einen entscheidenden Beitrag zur erfolgreichen Integration digitaler Bildung in den Schulalltag<em>.<\/em><\/p>\n<p>Eine besondere Herausforderung war die Abl\u00f6sung der bisherigen Schulsoftware, deren Support im Sommer 2025 eingestellt wurde. Unter hohem Zeitdruck analysierten wir gemeinsam mit dem Lehrpersonal und der Schulverwaltung die Bed\u00fcrfnisse aller Beteiligten und verglichen sie mit den Angeboten verschiedener Software-Anbieter. Unsere Entscheidung fiel klar auf\u00a0<em>Escola<\/em>\u00a0\u2013 eine L\u00f6sung, die intuitiv bedienbar ist und sich schnell im Alltag bew\u00e4hrt hat.<\/p>\n<p>Die Resonanz war \u00fcberaus positiv: Bereits 85 % der Eltern haben die App zum Schulstart installiert. Sie erleichtert nicht nur die Kommunikation mit Lehrpersonen, sondern auch organisatorische Prozesse wie Absenzenmeldungen oder die Einsicht in Stundenpl\u00e4ne \u2013 insbesondere hilfreich f\u00fcr Familien mit mehreren schulpflichtigen Kindern. Durch die neue Software werden Verwaltungsprozesse optimiert, die Effizienz gesteigert und dadurch letztlich auch Kosten eingespart \u2013 zum Vorteil unserer Schulen und der gesamten Schulgemeinschaft.<\/p>\n<h3>Geplante T\u00e4tigkeiten f\u00fcr die kommende Legislaturperiode<\/h3>\n<p>Auch in der kommenden Legislaturperiode werde ich mich f\u00fcr die Weiterentwicklung der digitalen Bildung an unseren Schulen einsetzen \u2013 mit einer zukunftsorientierten ICT-Strategie, die p\u00e4dagogische Qualit\u00e4t und digitale Unabh\u00e4ngigkeit vereint.<\/p>\n<p>Wir sollten vermehrt auf offene und nachhaltige Systeme setzen, die uns erm\u00f6glichen, flexibel auf neue Entwicklungen zu reagieren und technologisch unabh\u00e4ngig zu sein \u2013 ohne uns an einzelne und teure Anbieter zu binden. Vor dem Hintergrund internationaler Geschehnisse, m\u00f6chte ich mich auch im Bereich der IT f\u00fcr die ganze Gemeinde einsetzen.<\/p>\n<p>Der Schutz unserer Kinder und unserer Daten muss bei allen Anstrengungen an erster Stelle stehen. Gemeinsam mit Eltern und Lehrpersonen gestalten wir ein sicheres digitales Lernumfeld, in dem Chancen und Risiken reflektiert vermittelt werden.<\/p>\n<p>Eine hohe Medienkompetenz der Sch\u00fclerinnen und Sch\u00fcler ist eine Schl\u00fcsselqualifikation f\u00fcr den sicheren Umgang mit den digitalen Medien. Sie wird bereits fr\u00fch gef\u00f6rdert und im Unterricht gezielt eingebunden \u2013 immer orientiert an den Bed\u00fcrfnissen der Lernenden und dem Schulpersonal. Innovative Unterrichtsformen, unterst\u00fctzt durch moderne digitale Werkzeuge, sollen unsere Kinder bestm\u00f6glich auf die Herausforderungen der Zukunft vorbereiten.<\/p>\n<p>Mit einem eingespielten ICT-Team, einer klaren Vision und der n\u00f6tigen Erfahrung bin ich bereit, diesen Weg weiterzugehen \u2013 f\u00fcr starke Schulen in einer digitalen Zukunft.<\/p>\n<p><strong><\/strong><\/p>\n<\/div>\n<div dir=\"auto\"><\/div>\n<p>[\/et_pb_text][\/et_pb_column][\/et_pb_row][\/et_pb_section][et_pb_section fb_built=&#8220;1&#8243; admin_label=&#8220;About&#8220; _builder_version=&#8220;4.16&#8243; global_colors_info=&#8220;{}&#8220;][et_pb_row _builder_version=&#8220;4.19.4&#8243; _module_preset=&#8220;default&#8220; animation_style=&#8220;fade&#8220; animation_duration=&#8220;1150ms&#8220; global_colors_info=&#8220;{}&#8220;][et_pb_column type=&#8220;4_4&#8243; _builder_version=&#8220;4.19.4&#8243; _module_preset=&#8220;default&#8220; global_colors_info=&#8220;{}&#8220;][et_pb_image src=&#8220;https:\/\/reha-oezkarakas.ch\/wp-content\/uploads\/2025\/12\/Kandis-Seestrasse-mit-Slogan-1-scaled-uai-2064&#215;1202-1.png&#8220; title_text=&#8220;Kandis-Seestrasse-mit-Slogan-1-scaled-uai-2064&#215;1202&#8243; show_in_lightbox=&#8220;on&#8220; _builder_version=&#8220;4.27.5&#8243; _module_preset=&#8220;default&#8220; hover_transition_duration=&#8220;400ms&#8220; global_colors_info=&#8220;{}&#8220;][\/et_pb_image][\/et_pb_column][\/et_pb_row][\/et_pb_section]<\/p>\n","protected":false},"excerpt":{"rendered":"<p>Lasst uns Sorge tragen zu unserer Schule Reha \u00d6zkarakas wieder in die Schulbeh\u00f6rde &nbsp; In einer Welt, die sich rasant digitalisiert, ist es entscheidend, dass unsere Kinder bereits in der Schule die n\u00f6tigen Kompetenzen f\u00fcr den verantwortungsvollen und kreativen Umgang mit digitalen Medien erlernen. In meiner bisherigen Amtszeit habe ich mich mit Nachdruck f\u00fcr den [&hellip;]<\/p>\n","protected":false},"author":1,"featured_media":0,"parent":0,"menu_order":0,"comment_status":"closed","ping_status":"closed","template":"","meta":{"_et_pb_use_builder":"on","_et_pb_old_content":"","_et_gb_content_width":"","footnotes":""},"class_list":["post-574","page","type-page","status-publish","hentry"],"aioseo_notices":[],"_links":{"self":[{"href":"https:\/\/reha-oezkarakas.ch\/index.php?rest_route=\/wp\/v2\/pages\/574","targetHints":{"allow":["GET"]}}],"collection":[{"href":"https:\/\/reha-oezkarakas.ch\/index.php?rest_route=\/wp\/v2\/pages"}],"about":[{"href":"https:\/\/reha-oezkarakas.ch\/index.php?rest_route=\/wp\/v2\/types\/page"}],"author":[{"embeddable":true,"href":"https:\/\/reha-oezkarakas.ch\/index.php?rest_route=\/wp\/v2\/users\/1"}],"replies":[{"embeddable":true,"href":"https:\/\/reha-oezkarakas.ch\/index.php?rest_route=%2Fwp%2Fv2%2Fcomments&post=574"}],"version-history":[{"count":6,"href":"https:\/\/reha-oezkarakas.ch\/index.php?rest_route=\/wp\/v2\/pages\/574\/revisions"}],"predecessor-version":[{"id":593,"href":"https:\/\/reha-oezkarakas.ch\/index.php?rest_route=\/wp\/v2\/pages\/574\/revisions\/593"}],"wp:attachment":[{"href":"https:\/\/reha-oezkarakas.ch\/index.php?rest_route=%2Fwp%2Fv2%2Fmedia&parent=574"}],"curies":[{"name":"wp","href":"https:\/\/api.w.org\/{rel}","templated":true}]}}