{"id":438,"date":"2024-04-03T18:14:08","date_gmt":"2024-04-03T16:14:08","guid":{"rendered":"https:\/\/reha-oezkarakas.ch\/?page_id=438"},"modified":"2024-07-23T21:05:19","modified_gmt":"2024-07-23T19:05:19","slug":"buecher","status":"publish","type":"page","link":"https:\/\/reha-oezkarakas.ch\/?page_id=438","title":{"rendered":"B\u00fccher"},"content":{"rendered":"<p>[et_pb_section fb_built=&#8220;1&#8243; _builder_version=&#8220;4.23.4&#8243; _module_preset=&#8220;default&#8220; global_colors_info=&#8220;{}&#8220;][et_pb_row _builder_version=&#8220;4.23.4&#8243; _module_preset=&#8220;default&#8220; global_colors_info=&#8220;{}&#8220;][et_pb_column type=&#8220;4_4&#8243; _builder_version=&#8220;4.23.4&#8243; _module_preset=&#8220;default&#8220; global_colors_info=&#8220;{}&#8220;][et_pb_accordion _builder_version=&#8220;4.24.3&#8243; _module_preset=&#8220;default&#8220; hover_enabled=&#8220;0&#8243; global_colors_info=&#8220;{}&#8220; sticky_enabled=&#8220;0&#8243;][et_pb_accordion_item open=&#8220;on&#8220; _builder_version=&#8220;4.23.4&#8243; _module_preset=&#8220;default&#8220; global_colors_info=&#8220;{}&#8220;]<\/p>\n<p><strong style=\"font-size: 14px;\">Wie mit dem Islam die Frauenrechte Einzug hielten<\/strong><strong style=\"font-size: 14px;\"><\/strong><\/p>\n<p><span style=\"font-size: 14px;\">In der Gesellschaft ist das Bild der muslimischen Frau in Teilen verzerrt und die Gr\u00fcnde hierf\u00fcr sind unterschiedlich.<\/span><strong><\/strong><\/p>\n<p>Vermeintlich erlaubte Genitalverst\u00fcmmelung bei der Frau, die vermeintlich schlechte Stellung der Frau im Islam und die Ungleichbehandlung. Dies sind einige Themen, mit denen ich mich im vorliegenden Buch befasse und die Vorw\u00fcrfe mit Belegen aus den islamischen Quellen widerlege.<\/p>\n<p>Nachfolgend k\u00f6nnen Sie die ersten 8 Seiten meines Buches lesen. Das Buch beinhaltet insgesamt 148 Seiten.<\/p>\n<p><span><div class=\"_df_book df-lite\" id=\"df_442\"  _slug=\"wie-mit-dem-islam-die-frauenrechte-einzug-hielten\" data-title=\"wie-mit-dem-islam-die-frauenrechte-einzug-hielten\" wpoptions=\"true\" thumbtype=\"\" ><\/div><script class=\"df-shortcode-script\" nowprocket type=\"application\/javascript\">window.option_df_442 = {\"outline\":[],\"autoEnableOutline\":\"false\",\"autoEnableThumbnail\":\"false\",\"overwritePDFOutline\":\"false\",\"direction\":\"1\",\"pageSize\":\"0\",\"source\":\"https:\\\/\\\/reha-oezkarakas.ch\\\/wp-content\\\/uploads\\\/2024\\\/04\\\/2024-02-19-Wie-mit-dem-Islam-die-Frauenrechte-Einzug-hielten_Leseprobe-bis-Seite-8.pdf\",\"wpOptions\":\"true\"}; if(window.DFLIP && window.DFLIP.parseBooks){window.DFLIP.parseBooks();}<\/script><\/span><\/p>\n<p><span><\/span><\/p>\n<p><strong>Mein Weg zum Ziel\u00a0<\/strong><\/p>\n<p>Der Autor hat seine Lebenserfahrung und seine Anliegen als in mehreren handschriftlichen Briefen niedergeschrieben. Diese wurden in diesem Buch zusammengetragen und ich habe das Lektorat gef\u00fchrt.<\/p>\n<p>Josef Popp konnte seinen Wunsch erf\u00fcllen, in dem er sein Buch als geistiges Testament hinterl\u00e4sst. <span><\/span>\u00a0<\/p>\n<p>Hier k\u00f6nnen Sie die ersten 14 Seiten des Buches lesen. Es beinhaltet insgesamt 139 Seiten.<\/p>\n<p><span><div class=\"_df_book df-lite\" id=\"df_449\"  _slug=\"mein-weg-zum-ziel\" data-title=\"mein-weg-zum-ziel\" wpoptions=\"true\" thumbtype=\"\" ><\/div><script class=\"df-shortcode-script\" nowprocket type=\"application\/javascript\">window.option_df_449 = {\"outline\":[],\"autoEnableOutline\":\"false\",\"autoEnableThumbnail\":\"false\",\"overwritePDFOutline\":\"false\",\"direction\":\"1\",\"pageSize\":\"0\",\"source\":\"https:\\\/\\\/reha-oezkarakas.ch\\\/wp-content\\\/uploads\\\/2024\\\/04\\\/2022-11-06-Mein-Weg-zum-Ziel-A5-Leseprobe-bis-S.14.pdf\",\"wpOptions\":\"true\"}; if(window.DFLIP && window.DFLIP.parseBooks){window.DFLIP.parseBooks();}<\/script><\/span><\/p>\n<p>Bei Interesse k\u00f6nnen Sie sich per Mail auf <a href=\"mailto:mail@reha-oezkarakas.ch\">mail@reha-oezkarakas.ch<\/a> an mich wenden.\u00a0<span><\/span><\/p>\n<p><span><\/span><\/p>\n<p><span><\/span><\/p>\n<p><span><\/span><\/p>\n<p>[\/et_pb_accordion_item][\/et_pb_accordion][\/et_pb_column][\/et_pb_row][\/et_pb_section]<\/p>\n","protected":false},"excerpt":{"rendered":"<p>Wie mit dem Islam die Frauenrechte Einzug hielten In der Gesellschaft ist das Bild der muslimischen Frau in Teilen verzerrt und die Gr\u00fcnde hierf\u00fcr sind unterschiedlich. Vermeintlich erlaubte Genitalverst\u00fcmmelung bei der Frau, die vermeintlich schlechte Stellung der Frau im Islam und die Ungleichbehandlung. Dies sind einige Themen, mit denen ich mich im vorliegenden Buch befasse [&hellip;]<\/p>\n","protected":false},"author":1,"featured_media":0,"parent":361,"menu_order":0,"comment_status":"closed","ping_status":"closed","template":"","meta":{"_et_pb_use_builder":"on","_et_pb_old_content":"","_et_gb_content_width":"","footnotes":""},"class_list":["post-438","page","type-page","status-publish","hentry"],"aioseo_notices":[],"_links":{"self":[{"href":"https:\/\/reha-oezkarakas.ch\/index.php?rest_route=\/wp\/v2\/pages\/438","targetHints":{"allow":["GET"]}}],"collection":[{"href":"https:\/\/reha-oezkarakas.ch\/index.php?rest_route=\/wp\/v2\/pages"}],"about":[{"href":"https:\/\/reha-oezkarakas.ch\/index.php?rest_route=\/wp\/v2\/types\/page"}],"author":[{"embeddable":true,"href":"https:\/\/reha-oezkarakas.ch\/index.php?rest_route=\/wp\/v2\/users\/1"}],"replies":[{"embeddable":true,"href":"https:\/\/reha-oezkarakas.ch\/index.php?rest_route=%2Fwp%2Fv2%2Fcomments&post=438"}],"version-history":[{"count":10,"href":"https:\/\/reha-oezkarakas.ch\/index.php?rest_route=\/wp\/v2\/pages\/438\/revisions"}],"predecessor-version":[{"id":468,"href":"https:\/\/reha-oezkarakas.ch\/index.php?rest_route=\/wp\/v2\/pages\/438\/revisions\/468"}],"up":[{"embeddable":true,"href":"https:\/\/reha-oezkarakas.ch\/index.php?rest_route=\/wp\/v2\/pages\/361"}],"wp:attachment":[{"href":"https:\/\/reha-oezkarakas.ch\/index.php?rest_route=%2Fwp%2Fv2%2Fmedia&parent=438"}],"curies":[{"name":"wp","href":"https:\/\/api.w.org\/{rel}","templated":true}]}}