{"id":361,"date":"2023-09-14T09:18:01","date_gmt":"2023-09-14T07:18:01","guid":{"rendered":"https:\/\/reha-oezkarakas.ch\/?page_id=361"},"modified":"2025-09-06T11:10:48","modified_gmt":"2025-09-06T09:10:48","slug":"361-2","status":"publish","type":"page","link":"https:\/\/reha-oezkarakas.ch\/?page_id=361","title":{"rendered":"Blog"},"content":{"rendered":"<p>[et_pb_section fb_built=&#8220;1&#8243; bg_img_1=&#8220;https:\/\/reha-oezkarakas.ch\/wp-content\/uploads\/2022\/10\/political-candidate-25.png&#8220; background_size_1=&#8220;initial&#8220; background_repeat_1=&#8220;no-repeat&#8220; background_position_1=&#8220;top_right&#8220; admin_label=&#8220;Header&#8220; _builder_version=&#8220;4.19.4&#8243; custom_margin=&#8220;||0px|&#8220; custom_padding=&#8220;0px||0px||true&#8220; animation_style=&#8220;slide&#8220; animation_duration=&#8220;1500ms&#8220; global_colors_info=&#8220;{}&#8220;][et_pb_row column_structure=&#8220;1_4,3_4&#8243; _builder_version=&#8220;4.24.3&#8243; _module_preset=&#8220;default&#8220; global_colors_info=&#8220;{}&#8220;][et_pb_column type=&#8220;1_4&#8243; _builder_version=&#8220;4.24.3&#8243; _module_preset=&#8220;default&#8220; global_colors_info=&#8220;{}&#8220;][et_pb_image src=&#8220;https:\/\/reha-oezkarakas.ch\/wp-content\/uploads\/2025\/03\/hongkong-2654531_1920.jpg&#8220; title_text=&#8220;hongkong-2654531_1920&#8243; _builder_version=&#8220;4.24.3&#8243; _module_preset=&#8220;default&#8220; global_colors_info=&#8220;{}&#8220;][\/et_pb_image][\/et_pb_column][et_pb_column type=&#8220;3_4&#8243; _builder_version=&#8220;4.24.3&#8243; _module_preset=&#8220;default&#8220; global_colors_info=&#8220;{}&#8220;][et_pb_heading title=&#8220;Treibt sich das Gespenst der Repression in unserer Gesellschaft herum? &#8220; _builder_version=&#8220;4.24.3&#8243; _module_preset=&#8220;default&#8220; global_colors_info=&#8220;{}&#8220;][\/et_pb_heading][et_pb_accordion _builder_version=&#8220;4.24.3&#8243; _module_preset=&#8220;default&#8220; hover_enabled=&#8220;0&#8243; global_colors_info=&#8220;{}&#8220; sticky_enabled=&#8220;0&#8243;][et_pb_accordion_item title=&#8220;Repression:&#8220; _builder_version=&#8220;4.24.3&#8243; _module_preset=&#8220;default&#8220; global_colors_info=&#8220;{}&#8220; open=&#8220;off&#8220;]<\/p>\n<p>ein Begriff der f\u00fcr die Unterdr\u00fcckung von Kritik, Widerstand und politischen Bewegungen steht. Daher steht er auch f\u00fcr die Eind\u00e4mmung der Meinungsfreiheit &#8211; eines Grundpfeilers unserer Demokratie. Hinsichtlich der Geschehnisse auf der Welt, sollten wir uns vermehrt damit auseinandersetzen.<\/p>\n<p>Die freie Meinungs\u00e4usserung und die Meinung von Anderen und Minderheiten werden zunehmend weniger toleriert. Dies wird allgemein festgestellt. Die kritische Berichterstattung von Journalisten, die nicht in das Schema bestimmter politischer oder \u00f6konomischer Interessensvertreter passen, wird leider teilweise eingeschr\u00e4nkt.<\/p>\n<p>[\/et_pb_accordion_item][et_pb_accordion_item title=&#8220;Gen\u00fcgt die Gesetzgebung der freien Meinungs\u00e4usserung, die ein Menschenrecht ist, nicht mehr?&#8220; open=&#8220;on&#8220; _builder_version=&#8220;4.24.3&#8243; _module_preset=&#8220;default&#8220; hover_enabled=&#8220;0&#8243; global_colors_info=&#8220;{}&#8220; sticky_enabled=&#8220;0&#8243;]<\/p>\n<p>Denn faktenbasierte Recherchen und Aussagen m\u00fcssen mutig gest\u00fctzt werden. Selbstverst\u00e4ndlich sind Fake News, Verleumdungen oder die Banalisierung oder Verdrehung von Wahrheiten und Fakten damit nicht gemeint. Diese sind f\u00fcr Staat und Gesellschaft sch\u00e4dlich und verhindern das friedliche Zusammenleben in unserer pluralistischen Gesellschaft. Polarisierungen m\u00fcssen minimiert werden, und die freie Berichterstattung muss gesch\u00fctzt werden, ohne dass unsere Journalistinnen und Journalisten um ihren Job bangen m\u00fcssen. Ich appelliere an alle Verantwortungstr\u00e4ger eigenverantwortlich und nachhaltig zu handeln, denn die Meinungsfreiheit ist ein hohes Gut.<\/p>\n<p>Wir sind alle Menschen und sind verschieden und genau diese Unterschiedlichkeit erzeugt verschiedene Meinungen. Die m\u00fcssen wir respektieren, auch wenn man nicht immer damit einverstanden ist, solange sie konstruktiv und objektiv sind.<\/p>\n<p>Ehrlichkeit und Aufrichtigkeit schafft Vertrauen untereinander. Respekt, Toleranz und Offenheit lassen kritische Stimmen zu. Wir m\u00fcssen vorurteilsfrei agieren und alles unternehmen, m\u00f6glichen Repressionen entgegenzuwirken.<\/p>\n<p>Wenn Unrecht aufgedeckt wird, darf die transparente Berichterstattung nicht ersticken und dadurch sich das Unrecht nicht vermehren. Multipliziert mit Gleichg\u00fcltigkeit ist das ein gef\u00e4hrliches Unterfangen.<\/p>\n<p>Die freie Meinungs\u00e4usserung und die Demokratie m\u00fcssen geh\u00fctet werden, ansonsten treibt sich dann das Gespenst der Repression in unserer Gesellschaft herum. (Foto: Pixabay free image)<\/p>\n<p>[\/et_pb_accordion_item][\/et_pb_accordion][\/et_pb_column][\/et_pb_row][\/et_pb_section][et_pb_section fb_built=&#8220;1&#8243; bg_img_1=&#8220;https:\/\/reha-oezkarakas.ch\/wp-content\/uploads\/2022\/10\/political-candidate-25.png&#8220; background_size_1=&#8220;initial&#8220; background_repeat_1=&#8220;no-repeat&#8220; background_position_1=&#8220;top_right&#8220; admin_label=&#8220;Header&#8220; _builder_version=&#8220;4.19.4&#8243; custom_margin=&#8220;||0px|&#8220; custom_padding=&#8220;0px||0px||true&#8220; animation_style=&#8220;slide&#8220; animation_duration=&#8220;1500ms&#8220; global_colors_info=&#8220;{}&#8220;][et_pb_row column_structure=&#8220;1_4,3_4&#8243; _builder_version=&#8220;4.23.4&#8243; _module_preset=&#8220;default&#8220; global_colors_info=&#8220;{}&#8220;][et_pb_column type=&#8220;1_4&#8243; _builder_version=&#8220;4.23.4&#8243; _module_preset=&#8220;default&#8220; global_colors_info=&#8220;{}&#8220;][et_pb_image src=&#8220;https:\/\/reha-oezkarakas.ch\/wp-content\/uploads\/2024\/01\/artificial-intelligence-quelle-pixabay-free-picture-1024&#215;683.jpg&#8220; title_text=&#8220;artificial-intelligence-quelle pixabay free picture&#8220; _builder_version=&#8220;4.23.4&#8243; _module_preset=&#8220;default&#8220; global_colors_info=&#8220;{}&#8220;][\/et_pb_image][\/et_pb_column][et_pb_column type=&#8220;3_4&#8243; _builder_version=&#8220;4.23.4&#8243; _module_preset=&#8220;default&#8220; global_colors_info=&#8220;{}&#8220;][et_pb_heading title=&#8220;K\u00fcnstliche Intelligenz: Achtung!&#8220; _builder_version=&#8220;4.23.4&#8243; _module_preset=&#8220;default&#8220; global_colors_info=&#8220;{}&#8220;][\/et_pb_heading][et_pb_accordion _builder_version=&#8220;4.23.4&#8243; _module_preset=&#8220;default&#8220; global_colors_info=&#8220;{}&#8220;][et_pb_accordion_item title=&#8220; Ist der Computer bereits auf der \u00dcberholspur?&#8220; open=&#8220;on&#8220; _builder_version=&#8220;4.23.4&#8243; _module_preset=&#8220;default&#8220; global_colors_info=&#8220;{}&#8220;]<\/p>\n<p>Die k\u00fcnstliche Intelligenz (KI) existiert schon seit vielen Jahren. Sie entwickelt sich aber immer schneller. Bei den meisten Anwendungen sind die Vor- und Nachteile identifizierbar und in einigen Bereichen birgt sie jedoch nicht einsch\u00e4tzbare Gefahren.<\/p>\n<p>Basierend auf Programm-Codes, die der Computer verarbeitet, ist KI in der Lage, Entscheidungen unabh\u00e4ngig vom Menschen zu treffen. Es gibt sehr viele verschiedene Anwendungen und daher unterschiedliche Einsatzbereiche. Einfache Arbeiten k\u00f6nnen durch KI automatisiert werden und Arbeitspl\u00e4tze, f\u00fcr die es Menschen braucht, werden durch die Maschine ersetzt. Daher ist es f\u00fcr gewisse Unternehmen finanziell attraktiv, KI-Software zu nutzen und sie k\u00f6nnen dadurch Personalkosten einsparen. Grosse Technologiefirmen investieren bereits jetzt schon in KI und Kritiker m\u00f6chten die rasante und scheinbar unkontrollierbare Entwicklung regulieren.<\/p>\n<p>[\/et_pb_accordion_item][et_pb_accordion_item title=&#8220;Nutzen oder Gefahr?&#8220; _builder_version=&#8220;4.23.4&#8243; _module_preset=&#8220;default&#8220; global_colors_info=&#8220;{}&#8220; open=&#8220;off&#8220;]<\/p>\n<p>Meines Erachtens liegt aber die gr\u00f6sste Gefahr in der Bequemlichkeit beim Denken. Der Computer bzw. die KI nimmt einem in Millisekunden die Denkarbeit ab. Einen Text m\u00fchsam zu \u00fcbersetzen oder einen Artikel oder eine Rede zu schreiben, bei der es Wortgewandtheit, Rhetorik und die Vermittlung von Botschaften und Werten braucht, das k\u00f6nnen die neuen KI-Tools in Sekunden erledigen.<\/p>\n<p>Wird daher KI unseren Alltag vermehrt beeinflussen? M\u00fcssen wir bef\u00fcrchten, f\u00fcr Fehler und unterschiedliche Schreibstile kritisiert zu werden und daher die KI nutzen? Oder wird sie einfach aus Bequemlichkeit und aufgrund des stetigen Zeitdrucks in unserem Alltag genutzt? Ich meine: Die mehrseitige und breite Betrachtung von Themen und das Einarbeiten in eine Sache, um diese fundiert und vollst\u00e4ndig zu verstehen, wird uns der Computer wohl nicht abnehmen k\u00f6nnen.<\/p>\n<p>Wenn wir nicht selber denken und Denkarbeit verrichten und alles vom Computer gl\u00e4ubig annehmen, dann riskieren wir, authentisches Wissen und Bildung als Errungenschaft zu verlieren. Das Fatale hierbei ist, nicht mehr zu hinterfragen und oder kritisch \u00fcber ein Thema nachzudenken. Das ist bequem, aber gef\u00e4hrlich. Wenn das eigene kritische Denken verloren geht, befindet sich der Computer bereits auf der \u00dcberholspur.<\/p>\n<p>&nbsp;<\/p>\n<p>Hinweis: Der Artikel reflektiert die pers\u00f6nlichen Gedanken und soll zum Denken anregen. Er reflektiert nicht die Position in der Rolle als Schulpflegemitglied.\u00a0<\/p>\n<p>[\/et_pb_accordion_item][\/et_pb_accordion][\/et_pb_column][\/et_pb_row][\/et_pb_section][et_pb_section fb_built=&#8220;1&#8243; admin_label=&#8220;About&#8220; _builder_version=&#8220;4.16&#8243; global_colors_info=&#8220;{}&#8220;][et_pb_row _builder_version=&#8220;4.19.4&#8243; _module_preset=&#8220;default&#8220; animation_style=&#8220;fade&#8220; animation_duration=&#8220;1150ms&#8220; global_colors_info=&#8220;{}&#8220;][et_pb_column type=&#8220;4_4&#8243; _builder_version=&#8220;4.19.4&#8243; _module_preset=&#8220;default&#8220; global_colors_info=&#8220;{}&#8220;][et_pb_image src=&#8220;https:\/\/reha-oezkarakas.ch\/wp-content\/uploads\/2023\/02\/20230202PublireportageRegio3.png&#8220; title_text=&#8220;20230202PublireportageRegio3&#8243; show_in_lightbox=&#8220;on&#8220; _builder_version=&#8220;4.19.4&#8243; _module_preset=&#8220;default&#8220; animation_style=&#8220;fold&#8220; animation_duration=&#8220;1600ms&#8220; animation_intensity_fold=&#8220;69%&#8220; animation_starting_opacity=&#8220;29%&#8220; hover_transition_duration=&#8220;400ms&#8220; global_colors_info=&#8220;{}&#8220;][\/et_pb_image][\/et_pb_column][\/et_pb_row][\/et_pb_section][et_pb_section fb_built=&#8220;1&#8243; _builder_version=&#8220;4.19.4&#8243; _module_preset=&#8220;default&#8220; global_colors_info=&#8220;{}&#8220;][et_pb_row _builder_version=&#8220;4.19.4&#8243; _module_preset=&#8220;default&#8220; link_option_url=&#8220;https:\/\/reha-oezkarakas.ch\/wp-content\/uploads\/2023\/01\/Sprachrohr-1-23-V.2-Jan-2023-komprimiert-1.66mb.pdf&#8220; link_option_url_new_window=&#8220;on&#8220; global_colors_info=&#8220;{}&#8220;][et_pb_column type=&#8220;4_4&#8243; _builder_version=&#8220;4.19.4&#8243; _module_preset=&#8220;default&#8220; global_colors_info=&#8220;{}&#8220;][et_pb_image src=&#8220;https:\/\/reha-oezkarakas.ch\/wp-content\/uploads\/2023\/10\/Sprachrohr.png&#8220; title_text=&#8220;Sprachrohr&#8220; _builder_version=&#8220;4.23&#8243; _module_preset=&#8220;default&#8220; global_colors_info=&#8220;{}&#8220;][\/et_pb_image][et_pb_button button_url=&#8220;https:\/\/reha-oezkarakas.ch\/wp-content\/uploads\/2023\/01\/Sprachrohr-1-23-V.2-Jan-2023-komprimiert-1.66mb.pdf&#8220; url_new_window=&#8220;on&#8220; button_text=&#8220;Download Sprachrohr Januar 2023&#8243; _builder_version=&#8220;4.19.4&#8243; _module_preset=&#8220;default&#8220; global_colors_info=&#8220;{}&#8220;][\/et_pb_button][\/et_pb_column][\/et_pb_row][\/et_pb_section]<\/p>\n","protected":false},"excerpt":{"rendered":"<p>ein Begriff der f\u00fcr die Unterdr\u00fcckung von Kritik, Widerstand und politischen Bewegungen steht. Daher steht er auch f\u00fcr die Eind\u00e4mmung der Meinungsfreiheit &#8211; eines Grundpfeilers unserer Demokratie. Hinsichtlich der Geschehnisse auf der Welt, sollten wir uns vermehrt damit auseinandersetzen. Die freie Meinungs\u00e4usserung und die Meinung von Anderen und Minderheiten werden zunehmend weniger toleriert. Dies wird [&hellip;]<\/p>\n","protected":false},"author":1,"featured_media":0,"parent":0,"menu_order":0,"comment_status":"closed","ping_status":"closed","template":"","meta":{"_et_pb_use_builder":"on","_et_pb_old_content":"","_et_gb_content_width":"","footnotes":""},"class_list":["post-361","page","type-page","status-publish","hentry"],"aioseo_notices":[],"_links":{"self":[{"href":"https:\/\/reha-oezkarakas.ch\/index.php?rest_route=\/wp\/v2\/pages\/361","targetHints":{"allow":["GET"]}}],"collection":[{"href":"https:\/\/reha-oezkarakas.ch\/index.php?rest_route=\/wp\/v2\/pages"}],"about":[{"href":"https:\/\/reha-oezkarakas.ch\/index.php?rest_route=\/wp\/v2\/types\/page"}],"author":[{"embeddable":true,"href":"https:\/\/reha-oezkarakas.ch\/index.php?rest_route=\/wp\/v2\/users\/1"}],"replies":[{"embeddable":true,"href":"https:\/\/reha-oezkarakas.ch\/index.php?rest_route=%2Fwp%2Fv2%2Fcomments&post=361"}],"version-history":[{"count":19,"href":"https:\/\/reha-oezkarakas.ch\/index.php?rest_route=\/wp\/v2\/pages\/361\/revisions"}],"predecessor-version":[{"id":487,"href":"https:\/\/reha-oezkarakas.ch\/index.php?rest_route=\/wp\/v2\/pages\/361\/revisions\/487"}],"wp:attachment":[{"href":"https:\/\/reha-oezkarakas.ch\/index.php?rest_route=%2Fwp%2Fv2%2Fmedia&parent=361"}],"curies":[{"name":"wp","href":"https:\/\/api.w.org\/{rel}","templated":true}]}}